{"id":4,"date":"2015-04-01T19:04:27","date_gmt":"2015-04-01T17:04:27","guid":{"rendered":"http:\/\/familie-spork.de\/wordpress\/?page_id=4"},"modified":"2015-04-01T19:15:25","modified_gmt":"2015-04-01T17:15:25","slug":"impressum","status":"publish","type":"page","link":"https:\/\/familie-spork.de\/wordpress\/?page_id=4","title":{"rendered":"Impressum"},"content":{"rendered":"<p>Gem\u00e4\u00df \u00a7 28 BDSG widersprechen ich jeder kommerziellen Verwendung und Weitergabe der auf diesem Webangebot ver\u00f6ffentlichen Daten.<\/p>\n<p>Verantwortungsbereich: Dieses Impressum gilt f\u00fcr die Internetpr\u00e4senz unter der Adresse familie-spork.de einschlie\u00dflich derjenigen Subdomains vom Typ subdomain.familie-spork.de, die auf einzelne Seiten der Internetpr\u00e4senz www.familie-spork.de weitergeleitet werden.<\/p>\n<p>Abgrenzung: Die Web-Pr\u00e4senz ist Teil des WWW und dementsprechend mit fremden, sich jederzeit wandeln k\u00f6nnenden Web-Sites verkn\u00fcpft, die folglich auch nicht diesem Verantwortungsbereich unterliegen und f\u00fcr die nachfolgende Informationen nicht gelten. Dass die Links weder gegen Sitten noch Gesetze versto\u00dfen, wurde genau einmal gepr\u00fcft: bevor sie hier aufgenommen wurden. Solche Links, die zu fremden Webprojekten f\u00fchren, erkennen Sie daran, dass bei diesen Links ein neues Browserfenster aufgeht.<\/p>\n<p>Haftungsausschluss: Die auf diesem Server ver\u00f6ffentlichten Inhalte sind sorgf\u00e4ltig recherchiert. Dennoch kann ich keine Gew\u00e4hr f\u00fcr die Aktualit\u00e4t, Richtigkeit und Vollst\u00e4ndigkeit der bereitgestellten Informationen \u00fcbernehmen. In keinem Fall wird f\u00fcr Sch\u00e4den, die sich aus der Verwendung der abgerufenen Informationen ergeben, eine Haftung \u00fcbernommen.<\/p>\n<p>Verantwortlich: Thomas Spork<\/p>\n<p>Postanschrift: B\u00fcrgermeister-Grandauer-Str. 15, 83052 Bruckm\u00fchl<\/p>\n<p>Elektronische Post: thomas@familie-spork.de<\/p>\n","protected":false},"excerpt":{"rendered":"<p>Gem\u00e4\u00df \u00a7 28 BDSG widersprechen ich jeder kommerziellen Verwendung und Weitergabe der auf diesem Webangebot ver\u00f6ffentlichen Daten. Verantwortungsbereich: Dieses Impressum gilt f\u00fcr die Internetpr\u00e4senz unter der Adresse familie-spork.de einschlie\u00dflich derjenigen Subdomains vom Typ subdomain.familie-spork.de, die auf einzelne Seiten der Internetpr\u00e4senz www.familie-spork.de weitergeleitet werden. Abgrenzung: Die Web-Pr\u00e4senz ist Teil des WWW und dementsprechend mit fremden, sich jederzeit wandeln k\u00f6nnenden Web-Sites verkn\u00fcpft,<\/p>\n","protected":false},"author":1,"featured_media":0,"parent":0,"menu_order":0,"comment_status":"open","ping_status":"open","template":"","meta":{"footnotes":""},"class_list":["post-4","page","type-page","status-publish","hentry"],"_links":{"self":[{"href":"https:\/\/familie-spork.de\/wordpress\/index.php?rest_route=\/wp\/v2\/pages\/4","targetHints":{"allow":["GET"]}}],"collection":[{"href":"https:\/\/familie-spork.de\/wordpress\/index.php?rest_route=\/wp\/v2\/pages"}],"about":[{"href":"https:\/\/familie-spork.de\/wordpress\/index.php?rest_route=\/wp\/v2\/types\/page"}],"author":[{"embeddable":true,"href":"https:\/\/familie-spork.de\/wordpress\/index.php?rest_route=\/wp\/v2\/users\/1"}],"replies":[{"embeddable":true,"href":"https:\/\/familie-spork.de\/wordpress\/index.php?rest_route=%2Fwp%2Fv2%2Fcomments&post=4"}],"version-history":[{"count":3,"href":"https:\/\/familie-spork.de\/wordpress\/index.php?rest_route=\/wp\/v2\/pages\/4\/revisions"}],"predecessor-version":[{"id":16,"href":"https:\/\/familie-spork.de\/wordpress\/index.php?rest_route=\/wp\/v2\/pages\/4\/revisions\/16"}],"wp:attachment":[{"href":"https:\/\/familie-spork.de\/wordpress\/index.php?rest_route=%2Fwp%2Fv2%2Fmedia&parent=4"}],"curies":[{"name":"wp","href":"https:\/\/api.w.org\/{rel}","templated":true}]}}