{"id":17,"date":"2015-04-01T19:18:25","date_gmt":"2015-04-01T17:18:25","guid":{"rendered":"http:\/\/familie-spork.de\/wordpress\/?page_id=17"},"modified":"2015-04-10T09:48:10","modified_gmt":"2015-04-10T07:48:10","slug":"home","status":"publish","type":"page","link":"https:\/\/familie-spork.de\/wordpress\/","title":{"rendered":"Home"},"content":{"rendered":"<blockquote><p><strong>Diese Seite befindet sich noch im Aufbau, schaut doch sp\u00e4ter nochmal vorbei.<\/strong><\/p><\/blockquote>\n<p>Hallo,<\/p>\n<p>herzlich willkommen auf unserer Homepage.<\/p>\n<p>Diese Seite ist als Forum f\u00fcr unsere Familie und Freunde bestimmt.<br \/>\nSie enth\u00e4lt einige Daten und Fotos \u00fcber uns und unsere Familie.<\/p>\n<p>F\u00fcr die meisten Seiten ist eine Anmeldung erforderlich.<br \/>\nUnter &#8218;Registrieren kann ein Benutzerantrag gestellt werden.<\/p>\n<p>Ansonsten viel Spa\u00df<\/p>\n<p>Eure Familie Spork<\/p>\n<p><a href=\"http:\/\/familie-spork.de\/wordpress\/wp-content\/uploads\/2015\/04\/IMG_1412_1_1.jpg\"><img loading=\"lazy\" decoding=\"async\" class=\"alignnone size-full wp-image-19\" src=\"http:\/\/familie-spork.de\/wordpress\/wp-content\/uploads\/2015\/04\/IMG_1412_1_1.jpg\" alt=\"IMG_1412_1_1\" width=\"800\" height=\"533\" srcset=\"https:\/\/familie-spork.de\/wordpress\/wp-content\/uploads\/2015\/04\/IMG_1412_1_1.jpg 800w, https:\/\/familie-spork.de\/wordpress\/wp-content\/uploads\/2015\/04\/IMG_1412_1_1-300x200.jpg 300w\" sizes=\"auto, (max-width: 800px) 100vw, 800px\" \/><\/a><\/p>\n","protected":false},"excerpt":{"rendered":"<p>Diese Seite befindet sich noch im Aufbau, schaut doch sp\u00e4ter nochmal vorbei. Hallo, herzlich willkommen auf unserer Homepage. Diese Seite ist als Forum f\u00fcr unsere Familie und Freunde bestimmt. Sie enth\u00e4lt einige Daten und Fotos \u00fcber uns und unsere Familie. F\u00fcr die meisten Seiten ist eine Anmeldung erforderlich. Unter &#8218;Registrieren kann ein Benutzerantrag gestellt werden. Ansonsten viel Spa\u00df Eure Familie<\/p>\n","protected":false},"author":1,"featured_media":0,"parent":0,"menu_order":0,"comment_status":"open","ping_status":"open","template":"","meta":{"footnotes":""},"class_list":["post-17","page","type-page","status-publish","hentry"],"_links":{"self":[{"href":"https:\/\/familie-spork.de\/wordpress\/index.php?rest_route=\/wp\/v2\/pages\/17","targetHints":{"allow":["GET"]}}],"collection":[{"href":"https:\/\/familie-spork.de\/wordpress\/index.php?rest_route=\/wp\/v2\/pages"}],"about":[{"href":"https:\/\/familie-spork.de\/wordpress\/index.php?rest_route=\/wp\/v2\/types\/page"}],"author":[{"embeddable":true,"href":"https:\/\/familie-spork.de\/wordpress\/index.php?rest_route=\/wp\/v2\/users\/1"}],"replies":[{"embeddable":true,"href":"https:\/\/familie-spork.de\/wordpress\/index.php?rest_route=%2Fwp%2Fv2%2Fcomments&post=17"}],"version-history":[{"count":4,"href":"https:\/\/familie-spork.de\/wordpress\/index.php?rest_route=\/wp\/v2\/pages\/17\/revisions"}],"predecessor-version":[{"id":26,"href":"https:\/\/familie-spork.de\/wordpress\/index.php?rest_route=\/wp\/v2\/pages\/17\/revisions\/26"}],"wp:attachment":[{"href":"https:\/\/familie-spork.de\/wordpress\/index.php?rest_route=%2Fwp%2Fv2%2Fmedia&parent=17"}],"curies":[{"name":"wp","href":"https:\/\/api.w.org\/{rel}","templated":true}]}}